{"id":3280,"date":"2019-06-27T20:06:08","date_gmt":"2019-06-27T18:06:08","guid":{"rendered":"https:\/\/moonima.site\/?page_id=3280"},"modified":"2019-06-27T20:06:08","modified_gmt":"2019-06-27T18:06:08","slug":"condiciones-de-uso","status":"publish","type":"page","link":"https:\/\/moonima.site\/es\/condiciones-de-uso\/","title":{"rendered":"Condiciones de uso"},"content":{"rendered":"<p style=\"font-weight: 400;\">Este Sitio Web contiene textos elaborados con fines meramente informativos o divulgativos, que pueden no reflejar el estado actual de la legislaci\u00f3n o la jurisprudencia, y que se refieren a situaciones generales, por lo que su contenido no debe ser aplicado necesariamente por el usuario a casos concretos.<\/p>\n<p style=\"font-weight: 400;\">En esta web se detallan los servicios ofrecidos por\u00a0\u201cMoonima\u201d. Su uso implica\u00a0la aceptaci\u00f3n de\u00a0las siguientes\u00a0condiciones, declinando realizar cualquier reclamaci\u00f3n sobre las mismas:<\/p>\n<ol>\n<li style=\"font-weight: 400;\">a) El uso de esta web est\u00e1 dirigido a personas mayores de edad.<\/li>\n<li style=\"font-weight: 400;\">b)\u00a0\u201cMoonima\u201d podr\u00e1 modificar el contenido de la web, sus servicios, tarifas, garant\u00edas, etc., en cualquier momento y sin previo aviso.<\/li>\n<li style=\"font-weight: 400;\">c)\u00a0\u201cMoonima\u201d puede poner a\u00a0disposici\u00f3n del\u00a0usuario\u00a0enlaces u otros elementos que permiten el acceso hacia otros sitios web pertenecientes a terceros. No comercializamos los productos y servicios de dichas p\u00e1ginas enlazadas, ni asumimos ning\u00fan tipo de responsabilidad sobre las mismas, ni sobre la informaci\u00f3n contenida en ellas, ni su veracidad o licitud,\u00a0ni de cualesquiera efectos que pudieran derivarse.En todo caso,\u201cMoonima\u201d\u00a0manifiesta que proceder\u00e1 a la retirada inmediata de cualquier contenido que pudiera contravenir la legislaci\u00f3n nacional o internacional, la moral o el orden p\u00fablico, procediendo a la retirada inmediata de la redirecci\u00f3n a dicho sitio web, poniendo en conocimiento de las autoridades competentes el contenido en cuesti\u00f3n.<\/li>\n<li style=\"font-weight: 400;\">d) Los precios indicados en la web, de haberlos, ser\u00e1n v\u00e1lidos salvo error tipogr\u00e1fico, y susceptibles de cambios sin previo aviso.<\/li>\n<li style=\"font-weight: 400;\">e) No\u00a0es necesario registrarse en la web, ni facilitar ning\u00fan tipo de dato personal, para navegar por la misma.<\/li>\n<li style=\"font-weight: 400;\">f)\u00a0\u201cMoonima\u201d no\u00a0puede\u00a0garantizar el funcionamiento ininterrumpido o totalmente libre de errores de esta web. Por tanto, no\u00a0nos hacemos responsables de ning\u00fan da\u00f1o causado por el uso de este sitio.<\/li>\n<li style=\"font-weight: 400;\">g)\u00a0\u201cMoonima\u201d ofrece sus servicios y productos de manera indefinida, pudiendo, no obstante, suspender la prestaci\u00f3n de los mismos, unilateralmente y sin previo aviso.<\/li>\n<li style=\"font-weight: 400;\">h)\u00a0\u201cMoonima\u201d no se har\u00e1 responsable de los da\u00f1os y perjuicios, propios o a terceros, producidos por un mal uso de esta web por parte del cliente.<\/li>\n<li style=\"font-weight: 400;\">i) El usuario se compromete a no utilizar esta web ni los servicios ofrecidos en ella para la realizaci\u00f3n de actividades contrarias a la ley, al orden p\u00fablico o a estas condiciones.<\/li>\n<li style=\"font-weight: 400;\">j)\u00a0\u201cMoonima\u201d\u00a0no se responsabiliza de los virus que tengan su origen en una transmisi\u00f3n telem\u00e1tica infiltrados por terceros generados con la finalidad de obtener resultados negativos para un sistema inform\u00e1tico.<\/li>\n<li style=\"font-weight: 400;\">k)\u201cMoonima\u201d\u00a0no se hace responsable de la informaci\u00f3n y contenidos almacenados, a t\u00edtulo enunciativo pero no limitativo, en foros, chat&#8217;s, generadores de blogs, comentarios, redes sociales o cualquier otro medio que permita a terceros publicar contenidos de forma independiente en la p\u00e1gina web del prestador. No obstante y en cumplimiento de lo dispuesto en el art. 11 y 16 de la LSSI-CE, \u201cMoonima\u201d se pone a disposici\u00f3n de todos los usuarios, autoridades y fuerzas de seguridad, y colaborando de forma activa en la retirada o en su caso bloqueo de todos aquellos contenidos que pudieran afectar o contravenir la legislaci\u00f3n nacional, o internacional, derechos de terceros o la moral y el orden p\u00fablico. En caso de que el usuario considere que existe en el sitio web alg\u00fan contenido que pudiera ser susceptible de esta clasificaci\u00f3n, se ruega lo notifique de forma inmediata al administrador del sitio web.<strong><br \/>\n<\/strong><\/li>\n<li style=\"font-weight: 400;\">l) Este sitio web ha sido revisado y probado para que funcione correctamente. En principio, puede garantizarse el correcto funcionamiento los 365 d\u00edas del a\u00f1o, 24 horas al d\u00eda. No obstante,\u201cMoonima\u201dno descarta la posibilidad de que existan ciertos errores de programaci\u00f3n, o que acontezcan causas de fuerza mayor, cat\u00e1strofes naturales, huelgas, o circunstancias semejantes que hagan imposible el acceso a la p\u00e1gina web.<\/li>\n<li style=\"font-weight: 400;\">m) Las opiniones vertidas en los mismos no reflejan necesariamente los puntos de vista de\u201cMoonima\u201d. El contenido de los art\u00edculos publicados en este Sitio Web no puede ser considerado, en ning\u00fan caso, sustitutivo de asesoramiento legal. El usuario no debe actuar sobre la base de la informaci\u00f3n contenida en este Sitio Web sin recurrir previamente al correspondiente asesoramiento profesional.<\/li>\n<\/ol>\n<p style=\"font-weight: 400;\">En definitiva, el usuario es el \u00fanico responsable del uso que realice de los servicios, contenidos y enlaces incluidos en esta web.<\/p>\n<p>&nbsp;<\/p>\n<p>&nbsp;<\/p>\n","protected":false},"excerpt":{"rendered":"<p>Este Sitio Web contiene textos elaborados con fines meramente informativos o divulgativos, que pueden no reflejar el estado actual de la legislaci\u00f3n o la jurisprudencia, y que se refieren a situaciones generales, por lo que su contenido no debe ser aplicado necesariamente por el usuario a casos concretos. En esta web se detallan los servicios [&hellip;]<\/p>\n","protected":false},"author":1,"featured_media":0,"parent":0,"menu_order":19,"comment_status":"closed","ping_status":"closed","template":"condicionesUso.php","meta":{"_acf_changed":false,"footnotes":""},"acf":[],"_links":{"self":[{"href":"https:\/\/moonima.site\/es\/wp-json\/wp\/v2\/pages\/3280"}],"collection":[{"href":"https:\/\/moonima.site\/es\/wp-json\/wp\/v2\/pages"}],"about":[{"href":"https:\/\/moonima.site\/es\/wp-json\/wp\/v2\/types\/page"}],"author":[{"embeddable":true,"href":"https:\/\/moonima.site\/es\/wp-json\/wp\/v2\/users\/1"}],"replies":[{"embeddable":true,"href":"https:\/\/moonima.site\/es\/wp-json\/wp\/v2\/comments?post=3280"}],"version-history":[{"count":1,"href":"https:\/\/moonima.site\/es\/wp-json\/wp\/v2\/pages\/3280\/revisions"}],"predecessor-version":[{"id":3281,"href":"https:\/\/moonima.site\/es\/wp-json\/wp\/v2\/pages\/3280\/revisions\/3281"}],"wp:attachment":[{"href":"https:\/\/moonima.site\/es\/wp-json\/wp\/v2\/media?parent=3280"}],"curies":[{"name":"wp","href":"https:\/\/api.w.org\/{rel}","templated":true}]}}