{"id":826,"date":"2018-11-18T14:52:45","date_gmt":"2018-11-18T12:52:45","guid":{"rendered":"https:\/\/moonima.site\/?page_id=826"},"modified":"2019-07-02T17:36:08","modified_gmt":"2019-07-02T15:36:08","slug":"condicions-de-us","status":"publish","type":"page","link":"https:\/\/moonima.site\/ca\/condicions-de-us\/","title":{"rendered":"Condicions d&#8217;\u00fas"},"content":{"rendered":"<p>Aquest lloc Web cont\u00e9 textos elaborats amb fins merament informatius o divulgatius, que poden no reflectir l\u2019estat actual de la legislaci\u00f3 o la jurisprud\u00e8ncia, i que es refereixen a situacions generals, per la qual cosa el seu contingut no ha de ser aplicat necess\u00e0riament per la persona usu\u00e0ria a casos concrets.<\/p>\n<p>En aquest web es detallen els serveis oferts per\u00a0\u201cMoonima\u201d. El seu \u00fas implica l\u2019acceptaci\u00f3 de\u00a0les seg\u00fcents\u00a0condicions, declinant realitzar qualsevol reclamaci\u00f3 sobre les mateixes:<\/p>\n<ol>\n<li>a) L\u2019\u00fas d\u2019aquest web est\u00e0 adre\u00e7at a persones majors d\u2019edat.<\/li>\n<li>b)\u00a0\u201cMoonima\u201d podr\u00e0 modificar el contingut del web, els seus serveis, tarifes, garanties, etc., en qualsevol moment i sense previ av\u00eds.<\/li>\n<li>c)\u00a0\u201cMoonima\u201d pot posar a\u00a0disposici\u00f3 de la persona usu\u00e0ria\u00a0enlla\u00e7os o altres elements que permeten l\u2019acc\u00e9s vers altres llocs web pertanyents a tercers. No comercialitzem els productes i serveis de les esmentades p\u00e0gines enlla\u00e7ades, ni assumim cap tipus de responsabilitat sobre les mateixes, ni sobre la informaci\u00f3 que hi contenen, ni la seva veracitat o licitud,\u00a0ni de qualssevol efectes que poguessin derivar-se\u2019n. En tot cas, \u201cMoonima\u201d\u00a0manifesta que procedir\u00e0 a la retirada immediata de qualsevol contingut que pogu\u00e9s contravenir la legislaci\u00f3 nacional o internacional, la moral o l\u2019ordre p\u00fablic, procedint a la retirada immediata de la redirecci\u00f3 a l\u2019esmentat lloc web, posant en coneixement de les autoritats competents el contingut en q\u00fcesti\u00f3.<\/li>\n<li>d) Els preus indicats en el web, en cas que n\u2019hi hagi, seran v\u00e0lids llevat d\u2019error tipogr\u00e0fic, i seran susceptibles de canvis sense previ av\u00eds.<\/li>\n<li>e) No\u00a0\u00e9s necessari registrar se en el web, ni facilitar cap tipus de dada personal, per navegar-hi.<\/li>\n<li>f)\u00a0\u201cMoonima\u201d no\u00a0pot\u00a0garantir el funcionament ininterromput o totalment lliure d\u2019errors d\u2019aquest web. Per tant, no\u00a0ens fem responsables de cap dany causat per l\u2019\u00fas d\u2019aquest lloc.<\/li>\n<li>g)\u00a0\u201cMoonima\u201d ofereix els seus serveis i productes de manera indefinida, podent, no obstant, suspendre\u2019n la prestaci\u00f3, unilateralment i sense previ av\u00eds.<\/li>\n<li>h)\u00a0\u201cMoonima\u201d no es far\u00e0 responsable dels danys i perjudicis, propis o a tercers, produ\u00efts per un mal \u00fas d\u2019aquest web per part del client.<\/li>\n<li>i) La persona usu\u00e0ria es compromet a no utilitzar aquest web ni els serveis oferts al web per a la realitzaci\u00f3 d\u2019activitats contr\u00e0ries a la llei, a l\u2019ordre p\u00fablic o a aquestes condicions.<\/li>\n<li>j)\u00a0\u201cMoonima\u201d\u00a0no es responsabilitza dels virus que tinguin el seu origen en una transmissi\u00f3 telem\u00e0tica, infiltrats per tercers, generats amb la finalitat d\u2019obtenir resultats negatius per a un sistema inform\u00e0tic.<\/li>\n<li>k) \u201cMoonima\u201d\u00a0no es fa responsable de la informaci\u00f3 i continguts emmagatzemats, a t\u00edtol enunciatiu per\u00f2 no limitatiu, en f\u00f2rums, xats, generadors de blogs, comentaris, xarxes socials o qualsevol altre mitj\u00e0 que permeti a tercers publicar continguts de forma independent a la p\u00e0gina web del prestador. No obstant, i en compliment d\u2019all\u00f2 que es disposa als art. 11 y 16 de la LSSI-CE, \u201cMoonima\u201d es posa a disposici\u00f3 de tots els usuaris, autoritats i forces de seguretat, i col\u00b7laborant de forma activa a la retirada o, en el seu cas, al bloqueig de tots aquells continguts que poguessin afectar o contravenir la legislaci\u00f3 nacional, o internacional, drets de tercers o la moral i l\u2019ordre p\u00fablic. En cas que la persona usu\u00e0ria consideri que existeix en el seu web algun contingut que pogu\u00e9s ser susceptible d\u2019aquesta classificaci\u00f3, es prega que ho notifiqui de forma immediata a l\u2019administrador del lloc web.<\/li>\n<li>l) Aquest lloc web ha estat revisat i provat perqu\u00e8 funcioni correctament. En principi, se\u2019n pot garantir el correcte funcionament els 365 dies de l\u2019any, 24 hores al dia. No obstant, \u201cMoonima\u201d no descarta la possibilitat que existeixin certs errors de programaci\u00f3, o que s\u2019esdevinguin causes de for\u00e7a major, cat\u00e0strofes naturals, vagues, o circumst\u00e0ncies similars que facin impossible l\u2019acc\u00e9s a la p\u00e0gina web.<\/li>\n<li>m) Les opinions vessades en els mateixos no reflecteixen necess\u00e0riament els punts de vista de \u201cMoonima\u201d. El contingut dels articles publicats en aquest lloc Web no pot ser considerat, en cap cas, substitutiu d\u2019assessorament legal. La persona usu\u00e0ria no ha d\u2019actuar sobre la base de la informaci\u00f3 continguda en aquest lloc Web sense rec\u00f3rrer pr\u00e8viament a l\u2019assessorament professional corresponent.<\/li>\n<\/ol>\n<p>En definitiva, la persona usu\u00e0ria \u00e9s l\u2019\u00fanica responsable de l\u2019\u00fas que realitzi dels serveis, continguts i enlla\u00e7os inclosos en aquest web.<\/p>\n","protected":false},"excerpt":{"rendered":"<p>Aquest lloc Web cont\u00e9 textos elaborats amb fins merament informatius o divulgatius, que poden no reflectir l\u2019estat actual de la legislaci\u00f3 o la jurisprud\u00e8ncia, i que es refereixen a situacions generals, per la qual cosa el seu contingut no ha de ser aplicat necess\u00e0riament per la persona usu\u00e0ria a casos concrets. En aquest web es [&hellip;]<\/p>\n","protected":false},"author":1,"featured_media":0,"parent":0,"menu_order":20,"comment_status":"closed","ping_status":"closed","template":"condicionesUso.php","meta":{"_acf_changed":false,"footnotes":""},"acf":[],"_links":{"self":[{"href":"https:\/\/moonima.site\/ca\/wp-json\/wp\/v2\/pages\/826"}],"collection":[{"href":"https:\/\/moonima.site\/ca\/wp-json\/wp\/v2\/pages"}],"about":[{"href":"https:\/\/moonima.site\/ca\/wp-json\/wp\/v2\/types\/page"}],"author":[{"embeddable":true,"href":"https:\/\/moonima.site\/ca\/wp-json\/wp\/v2\/users\/1"}],"replies":[{"embeddable":true,"href":"https:\/\/moonima.site\/ca\/wp-json\/wp\/v2\/comments?post=826"}],"version-history":[{"count":10,"href":"https:\/\/moonima.site\/ca\/wp-json\/wp\/v2\/pages\/826\/revisions"}],"predecessor-version":[{"id":3360,"href":"https:\/\/moonima.site\/ca\/wp-json\/wp\/v2\/pages\/826\/revisions\/3360"}],"wp:attachment":[{"href":"https:\/\/moonima.site\/ca\/wp-json\/wp\/v2\/media?parent=826"}],"curies":[{"name":"wp","href":"https:\/\/api.w.org\/{rel}","templated":true}]}}